{"id":19,"date":"2024-01-01T00:00:55","date_gmt":"2024-01-01T00:00:55","guid":{"rendered":"https:\/\/euterpe.lt\/?page_id=19"},"modified":"2025-04-17T07:57:21","modified_gmt":"2025-04-17T05:57:21","slug":"konferenciju-sale","status":"publish","type":"page","link":"https:\/\/euterpe.lt\/en\/konferenciju-sale","title":{"rendered":"Conference hall"},"content":{"rendered":"<section class=\"l-section wpb_row height_auto width_full\"><div class=\"l-section-h i-cf\"><div class=\"g-cols vc_row via_flex valign_top type_default stacking_default\"><div class=\"vc_col-sm-12 wpb_column vc_column_container\"><div class=\"vc_column-inner\"><div class=\"wpb_wrapper\"><div class=\"g-cols wpb_row via_flex valign_top type_default stacking_default\"><div class=\"vc_col-sm-12 wpb_column vc_column_container\"><div class=\"vc_column-inner\"><div class=\"wpb_wrapper\"><div class=\"w-post-elm post_image theme__post-image post-image__background-overlay background-overlay__alternate-content has_ratio\"><div style=\"padding-bottom:25%\"><\/div><img loading=\"lazy\" decoding=\"async\" width=\"800\" height=\"502\" src=\"https:\/\/euterpe.lt\/wp-content\/uploads\/2024\/01\/euterpe_40__1.jpg\" class=\"attachment-full size-full wp-post-image\" alt=\"\" srcset=\"https:\/\/euterpe.lt\/wp-content\/uploads\/2024\/01\/euterpe_40__1.jpg 800w, https:\/\/euterpe.lt\/wp-content\/uploads\/2024\/01\/euterpe_40__1-300x188.jpg 300w\" sizes=\"auto, (max-width: 800px) 100vw, 800px\" \/><\/div><\/div><\/div><\/div><\/div><\/div><\/div><\/div><\/div><\/div><\/section><section class=\"l-section wpb_row height_auto\"><div class=\"l-section-h i-cf\"><div class=\"g-cols vc_row via_flex valign_top type_default stacking_default\"><div class=\"vc_col-sm-12 wpb_column vc_column_container\"><div class=\"vc_column-inner\"><div class=\"wpb_wrapper\"><div class=\"g-cols wpb_row via_flex valign_top type_default stacking_default\"><div class=\"vc_col-sm-12 wpb_column vc_column_container\"><div class=\"vc_column-inner\"><div class=\"wpb_wrapper\"><div class=\"w-vwrapper theme__wrapper wrapper__overlapping-section align_none valign_top\" style=\"--vwrapper-gap:0px\"><h1 class=\"w-post-elm post_title us_custom_7e20fa79 us_animate_this entry-title color_link_inherit\">Conference hall<\/h1><\/div><\/div><\/div><\/div><\/div><\/div><\/div><\/div><\/div><\/div><\/section>\n<section class=\"l-section wpb_row us_custom_2e605341 height_custom\"><div class=\"l-section-h i-cf\"><div class=\"g-cols vc_row via_flex valign_top type_default stacking_default\"><div class=\"vc_col-sm-12 wpb_column vc_column_container\"><div class=\"vc_column-inner\"><div class=\"wpb_wrapper\"><div class=\"g-cols wpb_row via_flex valign_top type_default stacking_default\"><div class=\"vc_col-sm-8 wpb_column vc_column_container\"><div class=\"vc_column-inner\"><div class=\"wpb_wrapper\"><div class=\"wpb_text_column us_custom_7e20fa79 us_animate_this\"><div class=\"wpb_wrapper\"><p class=\"p1\">This is a versatile space featuring elegant interiors and state-of-the-art equipment \u2014 perfect for hosting events of any kind, from meetings and conferences to exhibitions. For your convenience, it offers high-speed internet access and all the essential technology to ensure a successful event.<\/p>\n<\/div><\/div><\/div><\/div><\/div><div class=\"vc_col-sm-4 wpb_column vc_column_container\"><div class=\"vc_column-inner\"><div class=\"wpb_wrapper\"><div class=\"w-vwrapper us_custom_f0c7bf59 theme__wrapper wrapper__sidebar us_animate_this align_none valign_top\" style=\"--vwrapper-gap:0px\"><h2 class=\"w-text theme__text text__h6\"><span class=\"w-text-h\"><span class=\"w-text-value\">Get in Touch<\/span><\/span><\/h2><div class=\"wpb_text_column us_custom_70facfb4\"><div class=\"wpb_wrapper\"><p>We look forward to your inquiries<\/p>\n<\/div><\/div><div class=\"w-iconbox theme__iconbox iconbox__label iconpos_left style_default color_primary align_none\"><div class=\"w-iconbox-icon\" style=\"font-size:;\"><i class=\"far fa-phone-alt\"><\/i><\/div><div class=\"w-iconbox-meta\"><h3 class=\"w-iconbox-title\">Phones<\/h3><div class=\"w-iconbox-text\"><p>+370 46 474703<br \/>\n+370 614 26 260<\/p>\n<\/div><\/div><\/div><div class=\"w-iconbox theme__iconbox iconbox__label iconpos_left style_default color_primary align_none\"><div class=\"w-iconbox-icon\" style=\"font-size:;\"><i class=\"far fa-envelope-open\"><\/i><\/div><div class=\"w-iconbox-meta\"><h3 class=\"w-iconbox-title\">Email Address<\/h3><div class=\"w-iconbox-text\"><p class=\"p1\"><span class=\"s1\"><a href=\"mailto:hotel@euterpe.lt\"><b>hotel@euterpe.lt<\/b><\/a><\/span><\/p>\n<\/div><\/div><\/div><\/div><\/div><\/div><\/div><\/div><div class=\"w-separator theme__separator separator__large separator__responsive size_custom\" style=\"height:\"><\/div><div class=\"g-cols wpb_row via_flex valign_middle type_default stacking_default\"><div class=\"vc_col-sm-8 wpb_column vc_column_container\"><div class=\"vc_column-inner us_custom_9fe8d2b0\"><div class=\"wpb_wrapper\"><div class=\"w-hwrapper us_custom_7e20fa79 theme__wrapper wrapper__section-intro us_animate_this valign_top align_none\" style=\"--hwrapper-gap:0px\"><div class=\"w-btn-wrapper align_none\"><a class=\"w-btn us-btn-style_2 theme__button icon_atright\" href=\"#\"><span class=\"w-btn-label\">Galerija<\/span><i class=\"fal fa-search-plus\"><\/i><\/a><\/div><div class=\"w-gallery theme__gallery type_grid action_popup_image ratio_2x3 count_5\" style=\"--columns:3;--items-gap:0.5rem;\"><div class=\"w-gallery-list\"><div class=\"w-gallery-item\"><div class=\"w-gallery-item-img\"><img loading=\"lazy\" decoding=\"async\" width=\"800\" height=\"502\" src=\"https:\/\/euterpe.lt\/wp-content\/uploads\/2024\/01\/euterpe_40__1-2.jpg\" class=\"attachment-full size-full\" alt=\"\" srcset=\"https:\/\/euterpe.lt\/wp-content\/uploads\/2024\/01\/euterpe_40__1-2.jpg 800w, https:\/\/euterpe.lt\/wp-content\/uploads\/2024\/01\/euterpe_40__1-2-300x188.jpg 300w\" sizes=\"auto, (max-width: 800px) 100vw, 800px\" \/><\/div><a class=\"w-gallery-item-link\" aria-label=\"euterpe_40__1\" href=\"https:\/\/euterpe.lt\/wp-content\/uploads\/2024\/01\/euterpe_40__1-2.jpg\"><\/a><\/div><div class=\"w-gallery-item\"><div class=\"w-gallery-item-img\"><img loading=\"lazy\" decoding=\"async\" width=\"2560\" height=\"1707\" src=\"https:\/\/euterpe.lt\/wp-content\/uploads\/2024\/12\/Conference-other-scaled.jpg\" class=\"attachment-full size-full\" alt=\"\" srcset=\"https:\/\/euterpe.lt\/wp-content\/uploads\/2024\/12\/Conference-other-scaled.jpg 2560w, https:\/\/euterpe.lt\/wp-content\/uploads\/2024\/12\/Conference-other-300x200.jpg 300w, https:\/\/euterpe.lt\/wp-content\/uploads\/2024\/12\/Conference-other-1024x683.jpg 1024w\" sizes=\"auto, (max-width: 2560px) 100vw, 2560px\" \/><\/div><a class=\"w-gallery-item-link\" aria-label=\"Conference other\" href=\"https:\/\/euterpe.lt\/wp-content\/uploads\/2024\/12\/Conference-other-scaled.jpg\"><\/a><\/div><div class=\"w-gallery-item\"><div class=\"w-gallery-item-img\"><img loading=\"lazy\" decoding=\"async\" width=\"1863\" height=\"1073\" src=\"https:\/\/euterpe.lt\/wp-content\/uploads\/2024\/12\/Conference-teatro-mini.jpg\" class=\"attachment-full size-full\" alt=\"\" srcset=\"https:\/\/euterpe.lt\/wp-content\/uploads\/2024\/12\/Conference-teatro-mini.jpg 1863w, https:\/\/euterpe.lt\/wp-content\/uploads\/2024\/12\/Conference-teatro-mini-300x173.jpg 300w, https:\/\/euterpe.lt\/wp-content\/uploads\/2024\/12\/Conference-teatro-mini-1024x590.jpg 1024w\" sizes=\"auto, (max-width: 1863px) 100vw, 1863px\" \/><\/div><a class=\"w-gallery-item-link\" aria-label=\"Conference teatro mini\" href=\"https:\/\/euterpe.lt\/wp-content\/uploads\/2024\/12\/Conference-teatro-mini.jpg\"><\/a><\/div><div class=\"w-gallery-item\"><div class=\"w-gallery-item-img\"><img loading=\"lazy\" decoding=\"async\" width=\"1732\" height=\"1154\" src=\"https:\/\/euterpe.lt\/wp-content\/uploads\/2024\/12\/Conference-U-forma-mini.jpg\" class=\"attachment-full size-full\" alt=\"\" srcset=\"https:\/\/euterpe.lt\/wp-content\/uploads\/2024\/12\/Conference-U-forma-mini.jpg 1732w, https:\/\/euterpe.lt\/wp-content\/uploads\/2024\/12\/Conference-U-forma-mini-300x200.jpg 300w, https:\/\/euterpe.lt\/wp-content\/uploads\/2024\/12\/Conference-U-forma-mini-1024x682.jpg 1024w\" sizes=\"auto, (max-width: 1732px) 100vw, 1732px\" \/><\/div><a class=\"w-gallery-item-link\" aria-label=\"Conference U forma mini\" href=\"https:\/\/euterpe.lt\/wp-content\/uploads\/2024\/12\/Conference-U-forma-mini.jpg\"><\/a><\/div><div class=\"w-gallery-item\"><div class=\"w-gallery-item-img\"><img loading=\"lazy\" decoding=\"async\" width=\"2560\" height=\"1496\" src=\"https:\/\/euterpe.lt\/wp-content\/uploads\/2024\/12\/Conference-U-forma2-scaled.jpg\" class=\"attachment-full size-full\" alt=\"\" srcset=\"https:\/\/euterpe.lt\/wp-content\/uploads\/2024\/12\/Conference-U-forma2-scaled.jpg 2560w, https:\/\/euterpe.lt\/wp-content\/uploads\/2024\/12\/Conference-U-forma2-300x175.jpg 300w, https:\/\/euterpe.lt\/wp-content\/uploads\/2024\/12\/Conference-U-forma2-1024x598.jpg 1024w\" sizes=\"auto, (max-width: 2560px) 100vw, 2560px\" \/><\/div><a class=\"w-gallery-item-link\" aria-label=\"Conference U forma2\" href=\"https:\/\/euterpe.lt\/wp-content\/uploads\/2024\/12\/Conference-U-forma2-scaled.jpg\"><\/a><\/div><\/div><\/div><\/div><\/div><\/div><\/div><div class=\"vc_col-sm-4 wpb_column vc_column_container\"><div class=\"vc_column-inner\"><div class=\"wpb_wrapper\"><div class=\"w-vwrapper us_custom_f0c7bf59 theme__wrapper wrapper__sidebar sidebar__alternative us_animate_this align_none valign_top\" style=\"--vwrapper-gap:0px\"><h2 class=\"w-text theme__text text__h2\"><span class=\"w-text-h\"><span class=\"w-text-value\">About the Conference Room<\/span><\/span><\/h2><div class=\"wpb_text_column\"><div class=\"wpb_wrapper\"><p>Our conference room offers everything you need for a successful event \u2014 including high-speed Wi-Fi, a projector with screen, whiteboard, air conditioning, and adjustable heating.<\/p>\n<\/div><\/div><\/div><\/div><\/div><\/div><\/div><div class=\"w-separator theme__separator separator__small separator__responsive hide_on_default hide_on_laptops size_custom\" style=\"height:\"><\/div><div class=\"g-cols wpb_row via_flex valign_top type_default stacking_default\"><div class=\"vc_col-sm-8 wpb_column vc_column_container\"><div class=\"vc_column-inner us_custom_9fe8d2b0\"><div class=\"wpb_wrapper\"><div class=\"wpb_text_column us_custom_7e20fa79 us_animate_this\"><div class=\"wpb_wrapper\"><p>The room is located on the first floor with convenient access through the hotel's inner courtyard (links will be provided). It offers a cozy atmosphere, making it perfect for informal training sessions, presentations, private events, and celebrations.<\/p>\n<\/div><\/div><h3 class=\"w-text us_custom_7e20fa79 us_animate_this\"><span class=\"w-text-h\"><span class=\"w-text-value\">Room Layout Options<\/span><\/span><\/h3><div class=\"w-hwrapper us_custom_7282dd96 theme__wrapper wrapper__grid grid__four-columns grid__iconbox-list valign_top align_none\" style=\"--hwrapper-gap:0px\"><div class=\"w-iconbox us_custom_7e20fa79 theme__iconbox iconbox__label label__alternative us_animate_this iconpos_left style_default color_primary align_none\"><div class=\"w-iconbox-icon\" style=\"font-size:;\"><i class=\"fal fa-theater-masks\"><\/i><\/div><div class=\"w-iconbox-meta\"><h4 class=\"w-iconbox-title\">Theatre<\/h4><div class=\"w-iconbox-text\"><p>Up to 50 seats<\/p>\n<\/div><\/div><\/div><div class=\"w-iconbox us_custom_7e20fa79 theme__iconbox iconbox__label label__alternative us_animate_this iconpos_left style_default color_primary align_none\"><div class=\"w-iconbox-icon\" style=\"font-size:;\"><i class=\"fal fa-users\"><\/i><\/div><div class=\"w-iconbox-meta\"><h4 class=\"w-iconbox-title\">Conference<\/h4><div class=\"w-iconbox-text\"><p>Up to 20 seats<\/p>\n<\/div><\/div><\/div><div class=\"w-iconbox us_custom_7e20fa79 theme__iconbox iconbox__label label__alternative us_animate_this iconpos_left style_default color_primary align_none\"><div class=\"w-iconbox-icon\" style=\"font-size:;\"><i class=\"fal fa-union\"><\/i><\/div><div class=\"w-iconbox-meta\"><h4 class=\"w-iconbox-title\">U-Shape<\/h4><div class=\"w-iconbox-text\"><p>Up to 24 seats<\/p>\n<\/div><\/div><\/div><div class=\"w-iconbox us_custom_7e20fa79 theme__iconbox iconbox__label label__alternative us_animate_this iconpos_left style_default color_primary align_none\"><div class=\"w-iconbox-icon\" style=\"font-size:;\"><i class=\"fal fa-users-class\"><\/i><\/div><div class=\"w-iconbox-meta\"><h4 class=\"w-iconbox-title\">School Room<\/h4><div class=\"w-iconbox-text\"><p>Up to 36 seats<\/p>\n<\/div><\/div><\/div><\/div><h3 class=\"w-text us_custom_7e20fa79 us_animate_this\"><span class=\"w-text-h\"><span class=\"w-text-value\">Catering Services<\/span><\/span><\/h3><div class=\"wpb_text_column us_custom_7e20fa79 us_animate_this\"><div class=\"wpb_wrapper\"><p>Coffee breaks, business lunch, and dinner menus are tailored individually in consultation with the client.<\/p>\n<\/div><\/div><\/div><\/div><\/div><div class=\"vc_col-sm-4 vc_hidden-sm vc_hidden-xs wpb_column vc_column_container\"><div class=\"vc_column-inner\"><div class=\"wpb_wrapper\"><\/div><\/div><\/div><\/div><\/div><\/div><\/div><\/div><\/div><\/section>","protected":false},"excerpt":{"rendered":"Konferencij\u0173 sal\u0117 Tai transformuojama erdv\u0117 su eleganti\u0161ku interjeru ir modernia \u012franga, idealiai tinkanti \u012fvairi\u0173 format\u0173 renginiams: nuo pasitarim\u0173 ir konferencij\u0173 iki parod\u0173. J\u016bs\u0173 patogumui \u2013 spartusis internetas ir visa reikalinga technika, u\u017etikrinanti s\u0117kming\u0105 susitikimo eig\u0105. SusisiekimeLauksime J\u016bs\u0173 u\u017eklaus\u0173. Telefonai+370 46 474703 +370 614 26 260 El. pa\u0161to adresashotel@euterpe.lt GalerijaApie konferencij\u0173 sal\u0119Sal\u0117je rasite vis\u0105 mokymams reikaling\u0105...","protected":false},"author":1,"featured_media":200,"parent":0,"menu_order":0,"comment_status":"closed","ping_status":"open","template":"","meta":{"_acf_changed":false,"footnotes":""},"class_list":["post-19","page","type-page","status-publish","has-post-thumbnail","hentry"],"acf":[],"_links":{"self":[{"href":"https:\/\/euterpe.lt\/en\/wp-json\/wp\/v2\/pages\/19","targetHints":{"allow":["GET"]}}],"collection":[{"href":"https:\/\/euterpe.lt\/en\/wp-json\/wp\/v2\/pages"}],"about":[{"href":"https:\/\/euterpe.lt\/en\/wp-json\/wp\/v2\/types\/page"}],"author":[{"embeddable":true,"href":"https:\/\/euterpe.lt\/en\/wp-json\/wp\/v2\/users\/1"}],"replies":[{"embeddable":true,"href":"https:\/\/euterpe.lt\/en\/wp-json\/wp\/v2\/comments?post=19"}],"version-history":[{"count":21,"href":"https:\/\/euterpe.lt\/en\/wp-json\/wp\/v2\/pages\/19\/revisions"}],"predecessor-version":[{"id":493,"href":"https:\/\/euterpe.lt\/en\/wp-json\/wp\/v2\/pages\/19\/revisions\/493"}],"wp:featuredmedia":[{"embeddable":true,"href":"https:\/\/euterpe.lt\/en\/wp-json\/wp\/v2\/media\/200"}],"wp:attachment":[{"href":"https:\/\/euterpe.lt\/en\/wp-json\/wp\/v2\/media?parent=19"}],"curies":[{"name":"wp","href":"https:\/\/api.w.org\/{rel}","templated":true}]}}