{"id":23,"date":"2024-01-01T00:00:31","date_gmt":"2024-01-01T00:00:31","guid":{"rendered":"https:\/\/euterpe.lt\/?page_id=23"},"modified":"2025-03-31T09:38:07","modified_gmt":"2025-03-31T07:38:07","slug":"kontaktai","status":"publish","type":"page","link":"https:\/\/euterpe.lt\/en\/kontaktai","title":{"rendered":"Contacts"},"content":{"rendered":"<section class=\"l-section wpb_row height_auto width_full\"><div class=\"l-section-h i-cf\"><div class=\"g-cols vc_row via_flex valign_top type_default stacking_default\"><div class=\"vc_col-sm-12 wpb_column vc_column_container\"><div class=\"vc_column-inner\"><div class=\"wpb_wrapper\"><div class=\"g-cols wpb_row via_flex valign_top type_default stacking_default\"><div class=\"vc_col-sm-12 wpb_column vc_column_container\"><div class=\"vc_column-inner\"><div class=\"wpb_wrapper\"><div class=\"w-post-elm post_image theme__post-image post-image__background-overlay background-overlay__alternate-content has_ratio\"><div style=\"padding-bottom:25%\"><\/div><img loading=\"lazy\" decoding=\"async\" width=\"1920\" height=\"640\" src=\"https:\/\/euterpe.lt\/wp-content\/uploads\/2024\/01\/040-euterpe-laukas-DJI_0499__3x1__web.webp\" class=\"attachment-full size-full wp-post-image\" alt=\"\" srcset=\"https:\/\/euterpe.lt\/wp-content\/uploads\/2024\/01\/040-euterpe-laukas-DJI_0499__3x1__web.webp 1920w, https:\/\/euterpe.lt\/wp-content\/uploads\/2024\/01\/040-euterpe-laukas-DJI_0499__3x1__web-300x100.webp 300w, https:\/\/euterpe.lt\/wp-content\/uploads\/2024\/01\/040-euterpe-laukas-DJI_0499__3x1__web-1024x341.webp 1024w\" sizes=\"auto, (max-width: 1920px) 100vw, 1920px\" \/><\/div><\/div><\/div><\/div><\/div><\/div><\/div><\/div><\/div><\/div><\/section><section class=\"l-section wpb_row height_auto\"><div class=\"l-section-h i-cf\"><div class=\"g-cols vc_row via_flex valign_top type_default stacking_default\"><div class=\"vc_col-sm-12 wpb_column vc_column_container\"><div class=\"vc_column-inner\"><div class=\"wpb_wrapper\"><div class=\"g-cols wpb_row via_flex valign_top type_default stacking_default\"><div class=\"vc_col-sm-12 wpb_column vc_column_container\"><div class=\"vc_column-inner\"><div class=\"wpb_wrapper\"><div class=\"w-vwrapper theme__wrapper wrapper__overlapping-section align_none valign_top\" style=\"--vwrapper-gap:0px\"><h1 class=\"w-post-elm post_title us_custom_7e20fa79 us_animate_this entry-title color_link_inherit\">Kontaktai<\/h1><\/div><\/div><\/div><\/div><\/div><\/div><\/div><\/div><\/div><\/div><\/section>\n<section class=\"l-section wpb_row us_custom_2e605341 height_custom\"><div class=\"l-section-h i-cf\"><div class=\"g-cols vc_row via_flex valign_top type_default stacking_default\"><div class=\"vc_col-sm-12 wpb_column vc_column_container\"><div class=\"vc_column-inner\"><div class=\"wpb_wrapper\"><div class=\"g-cols wpb_row via_flex valign_top type_default stacking_default\"><div class=\"vc_col-sm-8 wpb_column vc_column_container\"><div class=\"vc_column-inner us_custom_9fe8d2b0\"><div class=\"wpb_wrapper\"><h2 class=\"w-text us_custom_7e20fa79 us_animate_this\"><span class=\"w-text-h\"><span class=\"w-text-value\">Registrat\u016bra, restoranas ir konferencijos<\/span><\/span><\/h2><div class=\"w-iconbox us_custom_7e20fa79 theme__iconbox iconbox__label us_animate_this iconpos_left style_default color_primary align_none\"><div class=\"w-iconbox-icon\" style=\"font-size:;\"><i class=\"far fa-phone-alt\"><\/i><\/div><div class=\"w-iconbox-meta\"><h3 class=\"w-iconbox-title\">Telefonai<\/h3><div class=\"w-iconbox-text\"><p><a href=\"tel:+370 46 474703\">+370 46 474703<\/a><br \/>\n<a href=\"tel:+370 614 26 260\">+370 614 26 260<\/a><\/p>\n<\/div><\/div><\/div><div class=\"w-iconbox us_custom_7e20fa79 theme__iconbox iconbox__label us_animate_this iconpos_left style_default color_primary align_none\"><div class=\"w-iconbox-icon\" style=\"font-size:;\"><i class=\"far fa-envelope-open\"><\/i><\/div><div class=\"w-iconbox-meta\"><h3 class=\"w-iconbox-title\">El. pa\u0161to adresas<\/h3><div class=\"w-iconbox-text\"><p><a href=\"mailto:hotel@euterpe.lt\">hotel@euterpe.lt<\/a><\/p>\n<\/div><\/div><\/div><div class=\"w-iconbox us_custom_7e20fa79 theme__iconbox iconbox__label us_animate_this iconpos_left style_default color_primary align_none\"><div class=\"w-iconbox-icon\" style=\"font-size:;\"><i class=\"far fa-clock\"><\/i><\/div><div class=\"w-iconbox-meta\"><h3 class=\"w-iconbox-title\">Registrat\u016bros darbo laikas<\/h3><div class=\"w-iconbox-text\"><p>24\/7<\/p>\n<\/div><\/div><\/div><div class=\"w-iconbox us_custom_7e20fa79 theme__iconbox iconbox__label us_animate_this iconpos_left style_default color_primary align_none\"><div class=\"w-iconbox-icon\" style=\"font-size:;\"><i class=\"far fa-clock\"><\/i><\/div><div class=\"w-iconbox-meta\"><h3 class=\"w-iconbox-title\">Restorano darbo laikas<\/h3><div class=\"w-iconbox-text\"><p>I-V 7:00 &#8211; 16:00<br \/>\nVI-VII 8:00 &#8211; 12:00<br \/>\nEsant priva\u010dioms \u0161vent\u0117ms (vestuv\u0117s, gimtadieniai, verslo vakarien\u0117s ir t.t.) dirbame individualiai su u\u017esakovu suderintu laiku metu.<\/p>\n<\/div><\/div><\/div><\/div><\/div><\/div><div class=\"vc_col-sm-4 vc_hidden-sm vc_hidden-xs wpb_column vc_column_container\"><div class=\"vc_column-inner\"><div class=\"wpb_wrapper\"><h2 class=\"w-text us_custom_7e20fa79 us_animate_this\"><span class=\"w-text-h\"><span class=\"w-text-value\">Rekvizitai<\/span><\/span><\/h2><div class=\"w-iconbox us_custom_7e20fa79 theme__iconbox iconbox__label us_animate_this iconpos_left style_default color_primary align_none\"><div class=\"w-iconbox-icon\" style=\"font-size:;\"><i class=\"far fa-building\"><\/i><\/div><div class=\"w-iconbox-meta\"><h3 class=\"w-iconbox-title\">\u012emon\u0117<\/h3><div class=\"w-iconbox-text\"><p>UAB \u201eEuterp\u0117\u201c<\/p>\n<\/div><\/div><\/div><div class=\"w-iconbox us_custom_7e20fa79 theme__iconbox iconbox__label us_animate_this iconpos_left style_default color_primary align_none\"><div class=\"w-iconbox-icon\" style=\"font-size:;\"><i class=\"far fa-briefcase\"><\/i><\/div><div class=\"w-iconbox-meta\"><h3 class=\"w-iconbox-title\">\u012emon\u0117s kodas<\/h3><div class=\"w-iconbox-text\"><p>302274565<\/p>\n<\/div><\/div><\/div><div class=\"w-iconbox us_custom_7e20fa79 theme__iconbox iconbox__label us_animate_this iconpos_left style_default color_primary align_none\"><div class=\"w-iconbox-icon\" style=\"font-size:;\"><i class=\"far fa-briefcase\"><\/i><\/div><div class=\"w-iconbox-meta\"><h3 class=\"w-iconbox-title\">PVM mok\u0117tojo kodas<\/h3><div class=\"w-iconbox-text\"><p>LT100004455218<\/p>\n<\/div><\/div><\/div><div class=\"w-iconbox us_custom_7e20fa79 theme__iconbox iconbox__label us_animate_this iconpos_left style_default color_primary align_none\"><div class=\"w-iconbox-icon\" style=\"font-size:;\"><i class=\"far fa-location-arrow\"><\/i><\/div><div class=\"w-iconbox-meta\"><h3 class=\"w-iconbox-title\">Adresas<\/h3><div class=\"w-iconbox-text\"><p>Dar\u017e\u0173 g. 9, LT-91246 Klaip\u0117da<\/p>\n<\/div><\/div><\/div><\/div><\/div><\/div><\/div><div class=\"w-separator size_small\"><\/div><div class=\"g-cols wpb_row via_flex valign_top type_default stacking_default\"><div class=\"vc_col-sm-12 wpb_column vc_column_container\"><div class=\"vc_column-inner\"><div class=\"wpb_wrapper\"><div class=\"w-map provider_google\" id=\"us_map_1\"><div class=\"w-map-inner\"><div class=\"w-map-json\" onclick='return {&quot;address&quot;:&quot;55.706580709319226, 21.135811081319396&quot;,&quot;disableDragging&quot;:0,&quot;disableZoom&quot;:0,&quot;hideControls&quot;:0,&quot;zoom&quot;:14,&quot;markers&quot;:[{&quot;address&quot;:&quot;55.706580709319226, 21.135811081319396&quot;,&quot;html&quot;:&quot;&lt;h6&gt;Euterp\\u0117 Hotel&lt;\\\/h6&gt;&lt;p&gt;Dar\\u017e\\u0173 g. 9, LT-91246 Klaip\\u0117da&lt;\\\/p&gt;&quot;,&quot;infowindow&quot;:0}],&quot;maptype&quot;:&quot;ROADMAP&quot;}'><\/div><div class=\"w-map-style-json\" onclick='return [\n    {\n        \"featureType\": \"all\",\n        \"elementType\": \"geometry.fill\",\n        \"stylers\": [\n            {\n                \"weight\": \"2.00\"\n            }\n        ]\n    },\n    {\n        \"featureType\": \"all\",\n        \"elementType\": \"geometry.stroke\",\n        \"stylers\": [\n            {\n                \"color\": \"#9c9c9c\"\n            }\n        ]\n    },\n    {\n        \"featureType\": \"all\",\n        \"elementType\": \"labels.text\",\n        \"stylers\": [\n            {\n                \"visibility\": \"on\"\n            }\n        ]\n    },\n    {\n        \"featureType\": \"landscape\",\n        \"elementType\": \"all\",\n        \"stylers\": [\n            {\n                \"color\": \"#f2f2f2\"\n            }\n        ]\n    },\n    {\n        \"featureType\": \"landscape\",\n        \"elementType\": \"geometry.fill\",\n        \"stylers\": [\n            {\n                \"color\": \"#ffffff\"\n            }\n        ]\n    },\n    {\n        \"featureType\": \"landscape.man_made\",\n        \"elementType\": \"geometry.fill\",\n        \"stylers\": [\n            {\n                \"color\": \"#ffffff\"\n            }\n        ]\n    },\n    {\n        \"featureType\": \"poi\",\n        \"elementType\": \"all\",\n        \"stylers\": [\n            {\n                \"visibility\": \"off\"\n            }\n        ]\n    },\n    {\n        \"featureType\": \"road\",\n        \"elementType\": \"all\",\n        \"stylers\": [\n            {\n                \"saturation\": -100\n            },\n            {\n                \"lightness\": 45\n            }\n        ]\n    },\n    {\n        \"featureType\": \"road\",\n        \"elementType\": \"geometry.fill\",\n        \"stylers\": [\n            {\n                \"color\": \"#eeeeee\"\n            }\n        ]\n    },\n    {\n        \"featureType\": \"road\",\n        \"elementType\": \"labels.text.fill\",\n        \"stylers\": [\n            {\n                \"color\": \"#7b7b7b\"\n            }\n        ]\n    },\n    {\n        \"featureType\": \"road\",\n        \"elementType\": \"labels.text.stroke\",\n        \"stylers\": [\n            {\n                \"color\": \"#ffffff\"\n            }\n        ]\n    },\n    {\n        \"featureType\": \"road.highway\",\n        \"elementType\": \"all\",\n        \"stylers\": [\n            {\n                \"visibility\": \"simplified\"\n            }\n        ]\n    },\n    {\n        \"featureType\": \"road.arterial\",\n        \"elementType\": \"labels.icon\",\n        \"stylers\": [\n            {\n                \"visibility\": \"off\"\n            }\n        ]\n    },\n    {\n        \"featureType\": \"transit\",\n        \"elementType\": \"all\",\n        \"stylers\": [\n            {\n                \"visibility\": \"off\"\n            }\n        ]\n    },\n    {\n        \"featureType\": \"water\",\n        \"elementType\": \"all\",\n        \"stylers\": [\n            {\n                \"color\": \"#46bcec\"\n            },\n            {\n                \"visibility\": \"on\"\n            }\n        ]\n    },\n    {\n        \"featureType\": \"water\",\n        \"elementType\": \"geometry.fill\",\n        \"stylers\": [\n            {\n                \"color\": \"#c8d7d4\"\n            }\n        ]\n    },\n    {\n        \"featureType\": \"water\",\n        \"elementType\": \"labels.text.fill\",\n        \"stylers\": [\n            {\n                \"color\": \"#070707\"\n            }\n        ]\n    },\n    {\n        \"featureType\": \"water\",\n        \"elementType\": \"labels.text.stroke\",\n        \"stylers\": [\n            {\n                \"color\": \"#ffffff\"\n            }\n        ]\n    }\n]'><\/div><\/div><\/div><div class=\"wpb_text_column us_custom_290e7ce4 fs12 us_animate_this\"><div class=\"wpb_wrapper\"><p>Skund\u0173 politika. Gin\u010dai d\u0117l sutarties netinkamo vykdymo ar nevykdymo ne teisme nagrin\u0117jami Lietuvos Respublikos vartotoj\u0173 teisi\u0173 apsaugos \u012fstatymo nustatyta tvarka Valstybin\u0117je vartotoj\u0173 teisi\u0173 apsaugos tarnyboje, adresu Vilniaus g. 25, 01402 Vilnius, el. p. tarnyba@vvtat.lt, tel. (8 5) 262 67 51, interneto svetain\u0117 www.vvtat.lt. Elektroniniu b\u016bdu pra\u0161ym\u0105 galima pateikti per EGS platform\u0105 <a href=\"http:\/\/ec.europa.eu\/odr\/\" target=\"_blank\" rel=\"noopener\">http:\/\/ec.europa.eu\/odr\/<\/a>.<\/p>\n<\/div><\/div><\/div><\/div><\/div><\/div><\/div><\/div><\/div><\/div><\/div><\/section>\n","protected":false},"excerpt":{"rendered":"Kontaktai Registrat\u016bra, restoranas ir konferencijosTelefonai+370 46 474703 +370 614 26 260 El. pa\u0161to adresashotel@euterpe.lt Registrat\u016bros darbo laikas24\/7 Restorano darbo laikasI-V 7:00 - 16:00 VI-VII 8:00 - 12:00 Esant priva\u010dioms \u0161vent\u0117ms (vestuv\u0117s, gimtadieniai, verslo vakarien\u0117s ir t.t.) dirbame individualiai su u\u017esakovu suderintu laiku metu. Rekvizitai\u012emon\u0117UAB \u201eEuterp\u0117\u201c \u012emon\u0117s kodas302274565 PVM mok\u0117tojo kodasLT100004455218 AdresasDar\u017e\u0173 g. 9, LT-91246 Klaip\u0117da...","protected":false},"author":1,"featured_media":36,"parent":0,"menu_order":0,"comment_status":"closed","ping_status":"closed","template":"","meta":{"_acf_changed":false,"footnotes":""},"class_list":["post-23","page","type-page","status-publish","has-post-thumbnail","hentry"],"acf":[],"_links":{"self":[{"href":"https:\/\/euterpe.lt\/en\/wp-json\/wp\/v2\/pages\/23","targetHints":{"allow":["GET"]}}],"collection":[{"href":"https:\/\/euterpe.lt\/en\/wp-json\/wp\/v2\/pages"}],"about":[{"href":"https:\/\/euterpe.lt\/en\/wp-json\/wp\/v2\/types\/page"}],"author":[{"embeddable":true,"href":"https:\/\/euterpe.lt\/en\/wp-json\/wp\/v2\/users\/1"}],"replies":[{"embeddable":true,"href":"https:\/\/euterpe.lt\/en\/wp-json\/wp\/v2\/comments?post=23"}],"version-history":[{"count":18,"href":"https:\/\/euterpe.lt\/en\/wp-json\/wp\/v2\/pages\/23\/revisions"}],"predecessor-version":[{"id":438,"href":"https:\/\/euterpe.lt\/en\/wp-json\/wp\/v2\/pages\/23\/revisions\/438"}],"wp:featuredmedia":[{"embeddable":true,"href":"https:\/\/euterpe.lt\/en\/wp-json\/wp\/v2\/media\/36"}],"wp:attachment":[{"href":"https:\/\/euterpe.lt\/en\/wp-json\/wp\/v2\/media?parent=23"}],"curies":[{"name":"wp","href":"https:\/\/api.w.org\/{rel}","templated":true}]}}